{"id":73,"date":"2018-10-16T11:53:13","date_gmt":"2018-10-16T11:53:13","guid":{"rendered":"https:\/\/transportes-dz.cl\/index.php\/contact-us\/"},"modified":"2026-04-16T17:21:28","modified_gmt":"2026-04-16T17:21:28","slug":"contacto","status":"publish","type":"page","link":"https:\/\/transportes-dz.cl\/index.php\/contacto\/","title":{"rendered":"Contacto"},"content":{"rendered":"\t\t<div data-elementor-type=\"wp-post\" data-elementor-id=\"73\" class=\"elementor elementor-73\">\n\t\t\t\t<div class=\"aux-parallax-section elementor-element elementor-element-55e1c01 e-flex e-con-boxed e-con e-parent\" data-id=\"55e1c01\" data-element_type=\"container\" data-e-type=\"container\" data-settings=\"{&quot;background_background&quot;:&quot;classic&quot;}\">\n\t\t\t\t\t<div class=\"e-con-inner\">\n\t\t<div class=\"elementor-element elementor-element-f79fd52 e-con-full e-flex e-con e-child\" data-id=\"f79fd52\" data-element_type=\"container\" data-e-type=\"container\">\n\t\t\t\t<div class=\"elementor-element elementor-element-fdfd70b aux-appear-watch-animation aux-fade-in-up elementor-widget elementor-widget-aux_modern_heading\" data-id=\"fdfd70b\" data-element_type=\"widget\" data-e-type=\"widget\" data-widget_type=\"aux_modern_heading.default\">\n\t\t\t\t<div class=\"elementor-widget-container\">\n\t\t\t\t\t<section class=\"aux-widget-modern-heading\">\n            <div class=\"aux-widget-inner\"><h4 class=\"aux-modern-heading-primary\">Te Esperamos<\/h4><h1 class=\"aux-modern-heading-secondary\"><span class=\"aux-head-before\">Contacto<\/span><\/h1><div class=\"aux-modern-heading-divider\"><\/div><\/div>\n        <\/section>\t\t\t\t<\/div>\n\t\t\t\t<\/div>\n\t\t\t\t<\/div>\n\t\t\t\t\t<\/div>\n\t\t\t\t<\/div>\n\t\t<div class=\"aux-parallax-section elementor-element elementor-element-685a7ec e-flex e-con-boxed e-con e-parent\" data-id=\"685a7ec\" data-element_type=\"container\" data-e-type=\"container\">\n\t\t\t\t\t<div class=\"e-con-inner\">\n\t\t<div class=\"elementor-element elementor-element-10b1cd0 e-con-full e-flex e-con e-child\" data-id=\"10b1cd0\" data-element_type=\"container\" data-e-type=\"container\">\n\t\t\t\t<div class=\"elementor-element elementor-element-77298e1 elementor-widget elementor-widget-aux_modern_heading\" data-id=\"77298e1\" data-element_type=\"widget\" data-e-type=\"widget\" data-widget_type=\"aux_modern_heading.default\">\n\t\t\t\t<div class=\"elementor-widget-container\">\n\t\t\t\t\t<section class=\"aux-widget-modern-heading\">\n            <div class=\"aux-widget-inner\"><h2 class=\"aux-modern-heading-primary\">C\u00f3mo<\/h2><h3 class=\"aux-modern-heading-secondary\"><span class=\"aux-head-before\">Contactarnos<\/span><\/h3><div class=\"aux-modern-heading-divider\"><\/div><\/div>\n        <\/section>\t\t\t\t<\/div>\n\t\t\t\t<\/div>\n\t\t\t\t<\/div>\n\t\t\t\t\t<\/div>\n\t\t\t\t<\/div>\n\t\t<div class=\"aux-parallax-section elementor-element elementor-element-6341380 e-flex e-con-boxed e-con e-parent\" data-id=\"6341380\" data-element_type=\"container\" data-e-type=\"container\">\n\t\t\t\t\t<div class=\"e-con-inner\">\n\t\t<div class=\"elementor-element elementor-element-685a9cf e-con-full e-flex e-con e-child\" data-id=\"685a9cf\" data-element_type=\"container\" data-e-type=\"container\">\n\t\t\t\t<div class=\"elementor-element elementor-element-b217837 aux-appear-watch-animation aux-fade-in elementor-widget elementor-widget-aux_modern_heading\" data-id=\"b217837\" data-element_type=\"widget\" data-e-type=\"widget\" data-widget_type=\"aux_modern_heading.default\">\n\t\t\t\t<div class=\"elementor-widget-container\">\n\t\t\t\t\t<section class=\"aux-widget-modern-heading\">\n            <div class=\"aux-widget-inner\"><h2 class=\"aux-modern-heading-primary\">Env\u00edanos un Mensaje<\/h2><div class=\"aux-modern-heading-divider\"><\/div><\/div>\n        <\/section>\t\t\t\t<\/div>\n\t\t\t\t<\/div>\n\t\t\t\t<div class=\"elementor-element elementor-element-ce32202 aux-appear-watch-animation aux-fade-in-up elementor-widget elementor-widget-aux_contact_form\" data-id=\"ce32202\" data-element_type=\"widget\" data-e-type=\"widget\" data-widget_type=\"aux_contact_form.default\">\n\t\t\t\t<div class=\"elementor-widget-container\">\n\t\t\t\t\t<section class=\"widget-container aux-widget-contact-form aux-parent-au2055b0c0\">            <div class=\"aux-col-wrapper aux-no-gutter\">\n            <!-- @TODO - The output for element here -->\n\n            \n<div class=\"wpcf7 no-js\" id=\"wpcf7-f20-o1\" lang=\"es-ES\" dir=\"ltr\" data-wpcf7-id=\"20\">\n<div class=\"screen-reader-response\"><p role=\"status\" aria-live=\"polite\" aria-atomic=\"true\"><\/p> <ul><\/ul><\/div>\n<form action=\"\/index.php\/wp-json\/wp\/v2\/pages\/73#wpcf7-f20-o1\" method=\"post\" class=\"wpcf7-form init\" aria-label=\"Formulario de contacto\" novalidate=\"novalidate\" data-status=\"init\">\n<fieldset class=\"hidden-fields-container\"><input type=\"hidden\" name=\"_wpcf7\" value=\"20\" \/><input type=\"hidden\" name=\"_wpcf7_version\" value=\"6.1.5\" \/><input type=\"hidden\" name=\"_wpcf7_locale\" value=\"es_ES\" \/><input type=\"hidden\" name=\"_wpcf7_unit_tag\" value=\"wpcf7-f20-o1\" \/><input type=\"hidden\" name=\"_wpcf7_container_post\" value=\"0\" \/><input type=\"hidden\" name=\"_wpcf7_posted_data_hash\" value=\"\" \/>\n<\/fieldset>\n<p><label> Nombre<br \/>\n<span class=\"wpcf7-form-control-wrap\" data-name=\"your-name\"><input size=\"40\" maxlength=\"400\" class=\"wpcf7-form-control wpcf7-text wpcf7-validates-as-required\" autocomplete=\"name\" aria-required=\"true\" aria-invalid=\"false\" value=\"\" type=\"text\" name=\"your-name\" \/><\/span> <\/label>\n<\/p>\n<p><label> Correo<br \/>\n<span class=\"wpcf7-form-control-wrap\" data-name=\"your-email\"><input size=\"40\" maxlength=\"400\" class=\"wpcf7-form-control wpcf7-email wpcf7-validates-as-required wpcf7-text wpcf7-validates-as-email\" autocomplete=\"email\" aria-required=\"true\" aria-invalid=\"false\" value=\"\" type=\"email\" name=\"your-email\" \/><\/span> <\/label>\n<\/p>\n<p><label> Asunto<br \/>\n<span class=\"wpcf7-form-control-wrap\" data-name=\"your-subject\"><input size=\"40\" maxlength=\"400\" class=\"wpcf7-form-control wpcf7-text wpcf7-validates-as-required\" aria-required=\"true\" aria-invalid=\"false\" value=\"\" type=\"text\" name=\"your-subject\" \/><\/span> <\/label>\n<\/p>\n<p><label> Mensaje<br \/>\n<span class=\"wpcf7-form-control-wrap\" data-name=\"your-message\"><textarea cols=\"40\" rows=\"10\" maxlength=\"2000\" class=\"wpcf7-form-control wpcf7-textarea\" aria-invalid=\"false\" name=\"your-message\"><\/textarea><\/span> <\/label>\n<\/p>\n<p><input class=\"wpcf7-form-control wpcf7-submit has-spinner\" type=\"submit\" value=\"Enviar\" \/>\n<\/p><div class=\"wpcf7-response-output\" aria-hidden=\"true\"><\/div>\n<\/form>\n<\/div>\n\n\n            <\/div><!-- aux-col-wrapper -->\n    <\/section><!-- widget-container -->\t\t\t\t<\/div>\n\t\t\t\t<\/div>\n\t\t\t\t<\/div>\n\t\t<div class=\"elementor-element elementor-element-e9b9f72 aux-appear-watch-animation aux-fade-in-up-1 e-con-full e-flex e-con e-child\" data-id=\"e9b9f72\" data-element_type=\"container\" data-e-type=\"container\" data-settings=\"{&quot;background_background&quot;:&quot;classic&quot;}\">\n\t\t\t\t<div class=\"elementor-element elementor-element-de423df elementor-widget elementor-widget-aux_modern_heading\" data-id=\"de423df\" data-element_type=\"widget\" data-e-type=\"widget\" data-widget_type=\"aux_modern_heading.default\">\n\t\t\t\t<div class=\"elementor-widget-container\">\n\t\t\t\t\t<section class=\"aux-widget-modern-heading\">\n            <div class=\"aux-widget-inner\"><h2 class=\"aux-modern-heading-primary\">Informaci\u00f3n de Contacto<\/h2><div class=\"aux-modern-heading-divider\"><\/div><\/div>\n        <\/section>\t\t\t\t<\/div>\n\t\t\t\t<\/div>\n\t\t\t\t<div class=\"elementor-element elementor-element-946d814 elementor-widget elementor-widget-aux_icon_list\" data-id=\"946d814\" data-element_type=\"widget\" data-e-type=\"widget\" data-widget_type=\"aux_icon_list.default\">\n\t\t\t\t<div class=\"elementor-widget-container\">\n\t\t\t\t\t<section class=\"widget-container aux-widget-icon-list aux-parent-auc6a3be26\"><div class=\"widget-inner\"><div class=\"aux-widget-icon-list-inner\"><ul class=\"aux-icon-list-items aux-direction-vertical\"><li class=\"aux-icon-list-item aux-list-item-has-icon aux-icon-list-item-5859e59 elementor-repeater-item-5859e59\"><span class=\"aux-icon-list-icon auxicon-location\"><\/span><span class=\"aux-icon-list-text\">Jorge Alessandi Rodriguez 25275, Sector Lo Herrera, San Bernardo<\/span><\/li><li class=\"aux-icon-list-item aux-list-item-has-icon aux-icon-list-item-d5763ba elementor-repeater-item-d5763ba\"><span class=\"aux-icon-list-icon auxicon-phone-classic-on\"><\/span><span class=\"aux-icon-list-text\">+56 9 8924 1278<\/span><\/li><li class=\"aux-icon-list-item aux-list-item-has-icon aux-icon-list-item-e0e2ad2 elementor-repeater-item-e0e2ad2\"><span class=\"aux-icon-list-icon auxicon-mail-1\"><\/span><span class=\"aux-icon-list-text\">contacto@transportes-dz.cl<\/span><\/li><\/ul><\/div><\/div><\/section><!-- widget-container -->\t\t\t\t<\/div>\n\t\t\t\t<\/div>\n\t\t\t\t<div class=\"elementor-element elementor-element-fd64216 elementor-hidden-desktop elementor-hidden-tablet elementor-hidden-mobile elementor-widget elementor-widget-aux_icon_list\" data-id=\"fd64216\" data-element_type=\"widget\" data-e-type=\"widget\" data-widget_type=\"aux_icon_list.default\">\n\t\t\t\t<div class=\"elementor-widget-container\">\n\t\t\t\t\t<section class=\"widget-container aux-widget-icon-list aux-parent-au64f9e995\"><div class=\"widget-inner\"><div class=\"aux-widget-icon-list-inner\"><ul class=\"aux-icon-list-items aux-direction-horizontal\"><li class=\"aux-icon-list-item aux-list-item-has-icon aux-icon-list-item-fe4cb5f elementor-repeater-item-fe4cb5f\"><i aria-hidden=\"true\" class=\"aux-icon-list-icon fab fa-facebook-f\"><\/i><\/li><li class=\"aux-icon-list-item aux-list-item-has-icon aux-icon-list-item-af728bd elementor-repeater-item-af728bd\"><i aria-hidden=\"true\" class=\"aux-icon-list-icon auxicon auxicon-twitter\"><\/i><\/li><li class=\"aux-icon-list-item aux-list-item-has-icon aux-icon-list-item-6d39807 elementor-repeater-item-6d39807\"><i aria-hidden=\"true\" class=\"aux-icon-list-icon auxicon auxicon-youtube\"><\/i><\/li><li class=\"aux-icon-list-item aux-list-item-has-icon aux-icon-list-item-13c069a elementor-repeater-item-13c069a\"><i aria-hidden=\"true\" class=\"aux-icon-list-icon auxicon auxicon-linkedin\"><\/i><\/li><li class=\"aux-icon-list-item aux-list-item-has-icon aux-icon-list-item-aca7a65 elementor-repeater-item-aca7a65\"><i aria-hidden=\"true\" class=\"aux-icon-list-icon fab fa-instagram\"><\/i><\/li><\/ul><\/div><\/div><\/section><!-- widget-container -->\t\t\t\t<\/div>\n\t\t\t\t<\/div>\n\t\t\t\t<\/div>\n\t\t\t\t\t<\/div>\n\t\t\t\t<\/div>\n\t\t<div class=\"aux-parallax-section elementor-element elementor-element-2d669c8 elementor-hidden-desktop elementor-hidden-tablet elementor-hidden-mobile e-flex e-con-boxed e-con e-parent\" data-id=\"2d669c8\" data-element_type=\"container\" data-e-type=\"container\" data-settings=\"{&quot;background_background&quot;:&quot;classic&quot;}\">\n\t\t\t\t\t<div class=\"e-con-inner\">\n\t\t<div class=\"elementor-element elementor-element-18f08d9 e-con-full e-flex e-con e-child\" data-id=\"18f08d9\" data-element_type=\"container\" data-e-type=\"container\">\n\t\t\t\t<div class=\"elementor-element elementor-element-b550ff0 aux-appear-watch-animation aux-fade-in elementor-widget elementor-widget-aux_modern_heading\" data-id=\"b550ff0\" data-element_type=\"widget\" data-e-type=\"widget\" data-widget_type=\"aux_modern_heading.default\">\n\t\t\t\t<div class=\"elementor-widget-container\">\n\t\t\t\t\t<section class=\"aux-widget-modern-heading\">\n            <div class=\"aux-widget-inner\"><h2 class=\"aux-modern-heading-primary\">WHAT IS<\/h2><h3 class=\"aux-modern-heading-secondary\"><span class=\"aux-head-before\">Your Question<\/span><\/h3><div class=\"aux-modern-heading-divider\"><\/div><\/div>\n        <\/section>\t\t\t\t<\/div>\n\t\t\t\t<\/div>\n\t\t\t\t<div class=\"elementor-element elementor-element-9acd4c6 aux-appear-watch-animation aux-scale-down elementor-widget elementor-widget-aux_accordion\" data-id=\"9acd4c6\" data-element_type=\"widget\" data-e-type=\"widget\" data-widget_type=\"aux_accordion.default\">\n\t\t\t\t<div class=\"elementor-widget-container\">\n\t\t\t\t\t<section class=\"widget-container aux-widget-accordion widget-toggle aux-parent-au84d64bf4\" style=\"\" ><div class=\"widget-inner  aux-type-toggle\" data-toggle=\"true\"><section class=\"aux-toggle-item\"><h5 id=\"aux-toggle-header-1621\" class=\"aux-toggle-header toggle-header\" tabindex=\"1621\" role=\"tab\" aria-controls=\"aux-toggle-content-1621\" >Who controls the Bitcoin network?<\/h5><div id=\"aux-toggle-content-1621\" class=\"aux-toggle-content toggle-content\" tabindex=\"1621\" role=\"tabpanel\" aria-labelledby=\"aux-toggle-header-1621\" ><p>Click edit button to change this text. Lorem ipsum dolor sit amet, consectetur adipiscing elit. Ut elit tellus, luctus nec ullamcorper mattis, pulvinar dapibus leo.<\/p><\/div><\/section><section class=\"aux-toggle-item\"><h5 id=\"aux-toggle-header-1622\" class=\"aux-toggle-header toggle-header\" tabindex=\"1622\" role=\"tab\" aria-controls=\"aux-toggle-content-1622\" >Is Bitcoin useful for illegal activities?<\/h5><div id=\"aux-toggle-content-1622\" class=\"aux-toggle-content toggle-content\" tabindex=\"1622\" role=\"tabpanel\" aria-labelledby=\"aux-toggle-header-1622\" ><p>Bitcoin is the first implementation of a concept called \"cryptocurrency\", which was first described in 1998 by Wei Dai on the cypher punks mailing list, suggesting the idea of a new form of money that.<\/p><\/div><\/section><section class=\"aux-toggle-item\"><h5 id=\"aux-toggle-header-1623\" class=\"aux-toggle-header toggle-header\" tabindex=\"1623\" role=\"tab\" aria-controls=\"aux-toggle-content-1623\" >Doesn't Bitcoin unfairly benefit early adopters?<\/h5><div id=\"aux-toggle-content-1623\" class=\"aux-toggle-content toggle-content\" tabindex=\"1623\" role=\"tabpanel\" aria-labelledby=\"aux-toggle-header-1623\" ><p>Click edit button to change this text. Lorem ipsum dolor sit amet, consectetur adipiscing elit. Ut elit tellus, luctus nec ullamcorper mattis, pulvinar dapibus leo.<\/p><\/div><\/section><section class=\"aux-toggle-item\"><h5 id=\"aux-toggle-header-1624\" class=\"aux-toggle-header toggle-header\" tabindex=\"1624\" role=\"tab\" aria-controls=\"aux-toggle-content-1624\" >What about Bitcoin and taxes?<\/h5><div id=\"aux-toggle-content-1624\" class=\"aux-toggle-content toggle-content\" tabindex=\"1624\" role=\"tabpanel\" aria-labelledby=\"aux-toggle-header-1624\" ><p>Click edit button to change this text. Lorem ipsum dolor sit amet, consectetur adipiscing elit. Ut elit tellus, luctus nec ullamcorper mattis, pulvinar dapibus leo.<\/p><\/div><\/section><section class=\"aux-toggle-item\"><h5 id=\"aux-toggle-header-1625\" class=\"aux-toggle-header toggle-header\" tabindex=\"1625\" role=\"tab\" aria-controls=\"aux-toggle-content-1625\" >What determines bitcoin\u2019s price?<\/h5><div id=\"aux-toggle-content-1625\" class=\"aux-toggle-content toggle-content\" tabindex=\"1625\" role=\"tabpanel\" aria-labelledby=\"aux-toggle-header-1625\" ><p>Click edit button to change this text. Lorem ipsum dolor sit amet, consectetur adipiscing elit. Ut elit tellus, luctus nec ullamcorper mattis, pulvinar dapibus leo.<\/p><\/div><\/section><\/div><\/section><!-- widget-container -->\t\t\t\t<\/div>\n\t\t\t\t<\/div>\n\t\t\t\t<\/div>\n\t\t\t\t\t<\/div>\n\t\t\t\t<\/div>\n\t\t\t\t<\/div>\n\t\t","protected":false},"excerpt":{"rendered":"<p>Te Esperamos Contacto C\u00f3mo Contactarnos Env\u00edanos un Mensaje Nombre Correo Asunto Mensaje Informaci\u00f3n de Contacto Jorge Alessandi Rodriguez 25275, Sector Lo Herrera, San Bernardo +56 9 8924 1278 contacto@transportes-dz.cl WHAT IS Your Question Who controls the Bitcoin network? Click edit button to change this text. Lorem ipsum dolor sit amet, consectetur adipiscing elit. Ut elit [&hellip;]<\/p>\n","protected":false},"author":1,"featured_media":0,"parent":0,"menu_order":0,"comment_status":"closed","ping_status":"closed","template":"templates\/page-builder-content.php","meta":{"_joinchat":[],"footnotes":""},"class_list":["post-73","page","type-page","status-publish","hentry"],"_links":{"self":[{"href":"https:\/\/transportes-dz.cl\/index.php\/wp-json\/wp\/v2\/pages\/73","targetHints":{"allow":["GET"]}}],"collection":[{"href":"https:\/\/transportes-dz.cl\/index.php\/wp-json\/wp\/v2\/pages"}],"about":[{"href":"https:\/\/transportes-dz.cl\/index.php\/wp-json\/wp\/v2\/types\/page"}],"author":[{"embeddable":true,"href":"https:\/\/transportes-dz.cl\/index.php\/wp-json\/wp\/v2\/users\/1"}],"replies":[{"embeddable":true,"href":"https:\/\/transportes-dz.cl\/index.php\/wp-json\/wp\/v2\/comments?post=73"}],"version-history":[{"count":10,"href":"https:\/\/transportes-dz.cl\/index.php\/wp-json\/wp\/v2\/pages\/73\/revisions"}],"predecessor-version":[{"id":219,"href":"https:\/\/transportes-dz.cl\/index.php\/wp-json\/wp\/v2\/pages\/73\/revisions\/219"}],"wp:attachment":[{"href":"https:\/\/transportes-dz.cl\/index.php\/wp-json\/wp\/v2\/media?parent=73"}],"curies":[{"name":"wp","href":"https:\/\/api.w.org\/{rel}","templated":true}]}}