{"id":74,"date":"2018-10-14T13:11:00","date_gmt":"2018-10-14T13:11:00","guid":{"rendered":"https:\/\/transportes-dz.cl\/index.php\/about-us\/"},"modified":"2026-04-13T10:45:41","modified_gmt":"2026-04-13T10:45:41","slug":"quienes_somos","status":"publish","type":"page","link":"https:\/\/transportes-dz.cl\/index.php\/quienes_somos\/","title":{"rendered":"Quienes Somos"},"content":{"rendered":"\t\t<div data-elementor-type=\"wp-post\" data-elementor-id=\"74\" class=\"elementor elementor-74\">\n\t\t\t\t<div class=\"aux-parallax-section elementor-element elementor-element-ee11b3c e-flex e-con-boxed e-con e-parent\" data-id=\"ee11b3c\" data-element_type=\"container\" data-e-type=\"container\" data-settings=\"{&quot;background_background&quot;:&quot;classic&quot;}\">\n\t\t\t\t\t<div class=\"e-con-inner\">\n\t\t<div class=\"elementor-element elementor-element-3495cbd e-con-full e-flex e-con e-child\" data-id=\"3495cbd\" data-element_type=\"container\" data-e-type=\"container\">\n\t\t\t\t<div class=\"elementor-element elementor-element-fc35664 aux-appear-watch-animation aux-fade-in-up elementor-widget elementor-widget-aux_modern_heading\" data-id=\"fc35664\" data-element_type=\"widget\" data-e-type=\"widget\" data-widget_type=\"aux_modern_heading.default\">\n\t\t\t\t<div class=\"elementor-widget-container\">\n\t\t\t\t\t<section class=\"aux-widget-modern-heading\">\n            <div class=\"aux-widget-inner\"><h4 class=\"aux-modern-heading-primary\">Conoce<\/h4><h1 class=\"aux-modern-heading-secondary\"><span class=\"aux-head-before\">Quienes Somos<\/span><\/h1><div class=\"aux-modern-heading-divider\"><\/div><\/div>\n        <\/section>\t\t\t\t<\/div>\n\t\t\t\t<\/div>\n\t\t\t\t<\/div>\n\t\t\t\t\t<\/div>\n\t\t\t\t<\/div>\n\t\t<div class=\"aux-parallax-section elementor-element elementor-element-a0e3cb8 e-flex e-con-boxed e-con e-parent\" data-id=\"a0e3cb8\" data-element_type=\"container\" data-e-type=\"container\">\n\t\t\t\t\t<div class=\"e-con-inner\">\n\t\t<div class=\"elementor-element elementor-element-ded0453 aux-appear-watch-animation aux-scale-down e-con-full e-flex e-con e-child\" data-id=\"ded0453\" data-element_type=\"container\" data-e-type=\"container\">\n\t\t\t\t<div class=\"elementor-element elementor-element-b06b839 elementor-widget elementor-widget-image\" data-id=\"b06b839\" data-element_type=\"widget\" data-e-type=\"widget\" data-widget_type=\"image.default\">\n\t\t\t\t<div class=\"elementor-widget-container\">\n\t\t\t\t\t\t\t\t\t\t\t\t\t\t\t<img decoding=\"async\" src=\"https:\/\/transportes-dz.cl\/wp-content\/uploads\/elementor\/thumbs\/quienes-rlxvdwa19q1pe8aajikk5hqpsvpm4g5kxf6q8qtm6w.png\" title=\"quienes\" alt=\"quienes\" loading=\"lazy\" \/>\t\t\t\t\t\t\t\t\t\t\t\t\t\t\t<\/div>\n\t\t\t\t<\/div>\n\t\t\t\t<\/div>\n\t\t<div class=\"elementor-element elementor-element-cbf7094 e-con-full e-flex e-con e-child\" data-id=\"cbf7094\" data-element_type=\"container\" data-e-type=\"container\">\n\t\t\t\t<div class=\"elementor-element elementor-element-6098163 aux-appear-watch-animation aux-fade-in elementor-widget elementor-widget-aux_modern_heading\" data-id=\"6098163\" data-element_type=\"widget\" data-e-type=\"widget\" data-widget_type=\"aux_modern_heading.default\">\n\t\t\t\t<div class=\"elementor-widget-container\">\n\t\t\t\t\t<section class=\"aux-widget-modern-heading\">\n            <div class=\"aux-widget-inner\"><h2 class=\"aux-modern-heading-primary\">Llevamos tu Carga<\/h2><h3 class=\"aux-modern-heading-secondary\"><span class=\"aux-head-before\">Al siguiente Nivel<\/span><\/h3><div class=\"aux-modern-heading-divider\"><\/div><\/div>\n        <\/section>\t\t\t\t<\/div>\n\t\t\t\t<\/div>\n\t\t\t\t<div class=\"elementor-element elementor-element-0760e55 aux-appear-watch-animation aux-fade-in-up elementor-widget elementor-widget-aux_modern_heading\" data-id=\"0760e55\" data-element_type=\"widget\" data-e-type=\"widget\" data-widget_type=\"aux_modern_heading.default\">\n\t\t\t\t<div class=\"elementor-widget-container\">\n\t\t\t\t\t<section class=\"aux-widget-modern-heading\">\n            <div class=\"aux-widget-inner\"><h6 class=\"aux-modern-heading-primary\"><\/h6><div class=\"aux-modern-heading-description\"><p>En nuestra empresa nos especializamos en ofrecer <strong>soluciones integrales de transporte de carga<\/strong> a lo largo de todo Chile. Con m\u00e1s de <strong>20 a\u00f1os de experiencia en el rubro log\u00edstico<\/strong>, hemos construido una trayectoria s\u00f3lida basada en la eficiencia, la seguridad y el compromiso con cada cliente.<\/p><\/div><\/div>\n        <\/section>\t\t\t\t<\/div>\n\t\t\t\t<\/div>\n\t\t\t\t<div class=\"elementor-element elementor-element-45a6b64 aux-appear-watch-animation aux-fade-in-up elementor-hidden-desktop elementor-hidden-tablet elementor-hidden-mobile elementor-widget elementor-widget-aux_modern_button\" data-id=\"45a6b64\" data-element_type=\"widget\" data-e-type=\"widget\" data-widget_type=\"aux_modern_button.default\">\n\t\t\t\t<div class=\"elementor-widget-container\">\n\t\t\t\t\t    <div class=\"aux-modern-button-wrapper aux-modern-button-align-left\" >\n                    <a class=\"aux-modern-button aux-black aux-modern-button-md aux-modern-button-normal aux-modern-button-default aux-icon-left\" href=\"https:\/\/transportes-dz.cl\/index.php\/quienes_somos\/\">\n                <div class=\"aux-overlay\"><\/div>\n                                    <div class=\"aux-icon \">\n                        <i aria-hidden=\"true\" class=\"auxicon auxicon-plus\"><\/i>                    <\/div>\n                                <div class=\"aux-text\">\n<span class=\"aux-text-before\">Read more<\/span>                <\/div>\n            <\/a>\n            \n    <\/div>\n\n    \t\t\t\t<\/div>\n\t\t\t\t<\/div>\n\t\t\t\t<\/div>\n\t\t\t\t\t<\/div>\n\t\t\t\t<\/div>\n\t\t<div class=\"aux-parallax-section elementor-element elementor-element-619e264 elementor-hidden-desktop elementor-hidden-tablet elementor-hidden-mobile e-flex e-con-boxed e-con e-parent\" data-id=\"619e264\" data-element_type=\"container\" data-e-type=\"container\" data-settings=\"{&quot;background_background&quot;:&quot;classic&quot;}\">\n\t\t\t\t\t<div class=\"e-con-inner\">\n\t\t<div class=\"elementor-element elementor-element-f9b7a5b aux-appear-watch-animation aux-scale-down e-con-full e-flex e-con e-child\" data-id=\"f9b7a5b\" data-element_type=\"container\" data-e-type=\"container\">\n\t\t\t\t<div class=\"elementor-element elementor-element-062d7d3 aux-appear-watch-animation aux-scale-down elementor-widget elementor-widget-aux_text\" data-id=\"062d7d3\" data-element_type=\"widget\" data-e-type=\"widget\" data-widget_type=\"aux_text.default\">\n\t\t\t\t<div class=\"elementor-widget-container\">\n\t\t\t\t\t<section class=\"widget-container aux-widget-text aux-parent-aud77f2bbf\">        <div class=\"aux-widget-advanced-text aux-wrap-style-simple aux-ico-pos- aux-text-center aux-text-resp- aux-text-color-dark aux-text-widget-bg-center  \" >\n        \n            \n            <div class=\"aux-text-inner aux-text-widget-content\">\n                                <h4 class=\"col-title\">Token Sale<\/h4>\n                                <h5 class=\"col-subtitle\">1<\/h5>\n\n                                <div class=\"widget-content\">\n                                        <p>Bitcoin verifies transactions with the same state of the art encryption that is used in.<\/p>                <\/div>\n                            <\/div>\n        <\/div>\n                    <div class=\"aux-text-widget-footer\">\n                <div class=\"aux-border-shape-none \">\n                                <\/div>\n            <\/div>\n        \n<\/section><!-- widget-container -->\t\t\t\t<\/div>\n\t\t\t\t<\/div>\n\t\t\t\t<\/div>\n\t\t<div class=\"elementor-element elementor-element-5b4b4f4 aux-appear-watch-animation aux-scale-down e-con-full e-flex e-con e-child\" data-id=\"5b4b4f4\" data-element_type=\"container\" data-e-type=\"container\">\n\t\t\t\t<div class=\"elementor-element elementor-element-bba61bc aux-appear-watch-animation aux-scale-down elementor-widget elementor-widget-aux_text\" data-id=\"bba61bc\" data-element_type=\"widget\" data-e-type=\"widget\" data-widget_type=\"aux_text.default\">\n\t\t\t\t<div class=\"elementor-widget-container\">\n\t\t\t\t\t<section class=\"widget-container aux-widget-text aux-parent-aua6ca7114\">        <div class=\"aux-widget-advanced-text aux-wrap-style-simple aux-ico-pos- aux-text-center aux-text-resp- aux-text-color-dark aux-text-widget-bg-center  \" >\n        \n            \n            <div class=\"aux-text-inner aux-text-widget-content\">\n                                <h4 class=\"col-title\">Presale<\/h4>\n                                <h5 class=\"col-subtitle\">2<\/h5>\n\n                                <div class=\"widget-content\">\n                                        <p>Bitcoin verifies transactions with the same state of the art encryption that is used in.<\/p>                <\/div>\n                            <\/div>\n        <\/div>\n                    <div class=\"aux-text-widget-footer\">\n                <div class=\"aux-border-shape-none \">\n                                <\/div>\n            <\/div>\n        \n<\/section><!-- widget-container -->\t\t\t\t<\/div>\n\t\t\t\t<\/div>\n\t\t\t\t<\/div>\n\t\t<div class=\"elementor-element elementor-element-36d2ffa aux-appear-watch-animation aux-scale-down e-con-full e-flex e-con e-child\" data-id=\"36d2ffa\" data-element_type=\"container\" data-e-type=\"container\">\n\t\t\t\t<div class=\"elementor-element elementor-element-e91b14c aux-appear-watch-animation aux-scale-down elementor-widget elementor-widget-aux_text\" data-id=\"e91b14c\" data-element_type=\"widget\" data-e-type=\"widget\" data-widget_type=\"aux_text.default\">\n\t\t\t\t<div class=\"elementor-widget-container\">\n\t\t\t\t\t<section class=\"widget-container aux-widget-text aux-parent-au3d47fe18\">        <div class=\"aux-widget-advanced-text aux-wrap-style-simple aux-ico-pos- aux-text-center aux-text-resp- aux-text-color-dark aux-text-widget-bg-center  \" >\n        \n            \n            <div class=\"aux-text-inner aux-text-widget-content\">\n                                <h4 class=\"col-title\">Business Model<\/h4>\n                                <h5 class=\"col-subtitle\">3<\/h5>\n\n                                <div class=\"widget-content\">\n                                        <p>Bitcoin verifies transactions with the same state of the art encryption that is used in.<\/p>                <\/div>\n                            <\/div>\n        <\/div>\n                    <div class=\"aux-text-widget-footer\">\n                <div class=\"aux-border-shape-none \">\n                                <\/div>\n            <\/div>\n        \n<\/section><!-- widget-container -->\t\t\t\t<\/div>\n\t\t\t\t<\/div>\n\t\t\t\t<\/div>\n\t\t\t\t\t<\/div>\n\t\t\t\t<\/div>\n\t\t<div class=\"aux-parallax-section elementor-element elementor-element-3daf65c elementor-hidden-desktop e-flex e-con-boxed e-con e-parent\" data-id=\"3daf65c\" data-element_type=\"container\" data-e-type=\"container\" data-settings=\"{&quot;background_background&quot;:&quot;classic&quot;}\">\n\t\t\t\t\t<div class=\"e-con-inner\">\n\t\t<div class=\"elementor-element elementor-element-bacfb6d e-con-full e-flex e-con e-child\" data-id=\"bacfb6d\" data-element_type=\"container\" data-e-type=\"container\">\n\t\t\t\t<div class=\"elementor-element elementor-element-0c5c8b1 elementor-view-default elementor-widget elementor-widget-icon\" data-id=\"0c5c8b1\" data-element_type=\"widget\" data-e-type=\"widget\" data-widget_type=\"icon.default\">\n\t\t\t\t<div class=\"elementor-widget-container\">\n\t\t\t\t\t\t\t<div class=\"elementor-icon-wrapper\">\n\t\t\t<a class=\"elementor-icon\" href=\"https:\/\/www.youtube.com\/watch?v=2X9eJF1nLiY\">\n\t\t\t<i aria-hidden=\"true\" class=\"far fa-play-circle\"><\/i>\t\t\t<\/a>\n\t\t<\/div>\n\t\t\t\t\t\t<\/div>\n\t\t\t\t<\/div>\n\t\t\t\t<div class=\"elementor-element elementor-element-79719e7 aux-appear-watch-animation aux-fade-in-up elementor-widget elementor-widget-aux_modern_heading\" data-id=\"79719e7\" data-element_type=\"widget\" data-e-type=\"widget\" data-widget_type=\"aux_modern_heading.default\">\n\t\t\t\t<div class=\"elementor-widget-container\">\n\t\t\t\t\t<section class=\"aux-widget-modern-heading\">\n            <div class=\"aux-widget-inner\"><h2 class=\"aux-modern-heading-primary\">Bitcoin Market<\/h2><\/div>\n        <\/section>\t\t\t\t<\/div>\n\t\t\t\t<\/div>\n\t\t\t\t<\/div>\n\t\t\t\t\t<\/div>\n\t\t\t\t<\/div>\n\t\t<div class=\"aux-parallax-section elementor-element elementor-element-4c614ef elementor-hidden-desktop elementor-hidden-tablet elementor-hidden-mobile e-flex e-con-boxed e-con e-parent\" data-id=\"4c614ef\" data-element_type=\"container\" data-e-type=\"container\">\n\t\t\t\t\t<div class=\"e-con-inner\">\n\t\t<div class=\"elementor-element elementor-element-0cb15a7 e-con-full e-flex e-con e-child\" data-id=\"0cb15a7\" data-element_type=\"container\" data-e-type=\"container\">\n\t\t\t\t<div class=\"elementor-element elementor-element-059f5e8 aux-appear-watch-animation aux-fade-in elementor-widget elementor-widget-aux_modern_heading\" data-id=\"059f5e8\" data-element_type=\"widget\" data-e-type=\"widget\" data-widget_type=\"aux_modern_heading.default\">\n\t\t\t\t<div class=\"elementor-widget-container\">\n\t\t\t\t\t<section class=\"aux-widget-modern-heading\">\n            <div class=\"aux-widget-inner\"><h6 class=\"aux-modern-heading-primary\">MEET TO<\/h6><h2 class=\"aux-modern-heading-secondary\"><span class=\"aux-head-after\">Our Contributors<\/span><\/h2><div class=\"aux-modern-heading-divider\"><\/div><\/div>\n        <\/section>\t\t\t\t<\/div>\n\t\t\t\t<\/div>\n\t\t<div class=\"elementor-element elementor-element-21424a5 e-con-full e-flex e-con e-child\" data-id=\"21424a5\" data-element_type=\"container\" data-e-type=\"container\">\n\t\t<div class=\"elementor-element elementor-element-66e2408 aux-appear-watch-animation aux-fade-in-up-1 e-con-full e-flex e-con e-child\" data-id=\"66e2408\" data-element_type=\"container\" data-e-type=\"container\">\n\t\t\t\t<div class=\"elementor-element elementor-element-63e6ea4 elementor-widget elementor-widget-aux_staff\" data-id=\"63e6ea4\" data-element_type=\"widget\" data-e-type=\"widget\" data-widget_type=\"aux_staff.default\">\n\t\t\t\t<div class=\"elementor-widget-container\">\n\t\t\t\t\t<section class=\"aux-wrap-style-simple widget-container aux-widget-staff aux-parent-aued2d9ef5\">    <div class=\"aux-staff-container aux-staff-pos-left aux-staff-text-left aux-staff-text-dark \" >\n            <div class=\"aux-staff-header aux-staff-img-round-rect\">\n            <div class=\"aux-media-image\"><img decoding=\"async\" width=\"240\" height=\"197\" src=\"image\/gif;base64,R0lGODlhAQABAIAAAAAAAP\/\/\/yH5BAEAAAAALAAAAAABAAEAAAIBRAA7\" class=\" aux-preload aux-blank\" alt=\"demo-attachment-16-smiling-middle-aged-man-standing-outdoors-PTRPK6H\" data-ratio=\"1.22\" data-original-w=\"600\" data-srcset=\"https:\/\/transportes-dz.cl\/wp-content\/uploads\/2018\/05\/smiling-middle-aged-man-standing-outdoors-PTRPK6H-150x123.jpg 150w,https:\/\/transportes-dz.cl\/wp-content\/uploads\/2018\/05\/smiling-middle-aged-man-standing-outdoors-PTRPK6H-300x246.jpg 300w,https:\/\/transportes-dz.cl\/wp-content\/uploads\/2018\/05\/smiling-middle-aged-man-standing-outdoors-PTRPK6H-240x197.jpg 240w\" data-src=\"https:\/\/transportes-dz.cl\/wp-content\/uploads\/2018\/05\/smiling-middle-aged-man-standing-outdoors-PTRPK6H-240x197.jpg\" \/><\/div>        <\/div>\n            <div class=\"aux-staff-content\">\n                        <h4 class=\"col-title\">CEO<\/h4>\n                        <h5 class=\"col-subtitle\">Jeffrey Brewer<\/h5>\n                        <div class=\"entry-content\">\n                                A cryptocurrency crypto currency a digital asset designed to work as medium exchange.            <\/div>\n                    <\/div>\n\n    <\/div>\n\n\n<\/section><!-- widget-container -->\t\t\t\t<\/div>\n\t\t\t\t<\/div>\n\t\t\t\t<\/div>\n\t\t<div class=\"elementor-element elementor-element-f7c625e aux-appear-watch-animation aux-fade-in-up-1 e-con-full e-flex e-con e-child\" data-id=\"f7c625e\" data-element_type=\"container\" data-e-type=\"container\">\n\t\t\t\t<div class=\"elementor-element elementor-element-6e71aff elementor-widget elementor-widget-aux_staff\" data-id=\"6e71aff\" data-element_type=\"widget\" data-e-type=\"widget\" data-widget_type=\"aux_staff.default\">\n\t\t\t\t<div class=\"elementor-widget-container\">\n\t\t\t\t\t<section class=\"aux-wrap-style-simple widget-container aux-widget-staff aux-parent-auba842a98\">    <div class=\"aux-staff-container aux-staff-pos-left aux-staff-text-left aux-staff-text-dark \" >\n            <div class=\"aux-staff-header aux-staff-img-round-rect\">\n            <div class=\"aux-media-image\"><img decoding=\"async\" width=\"240\" height=\"197\" src=\"image\/gif;base64,R0lGODlhAQABAIAAAAAAAP\/\/\/yH5BAEAAAAALAAAAAABAAEAAAIBRAA7\" class=\" aux-preload aux-blank\" alt=\"demo-attachment-17-man-standing-at-balcony-PBFGRDZ\" data-ratio=\"1.22\" data-original-w=\"600\" data-srcset=\"https:\/\/transportes-dz.cl\/wp-content\/uploads\/2018\/05\/man-standing-at-balcony-PBFGRDZ-150x123.jpg 150w,https:\/\/transportes-dz.cl\/wp-content\/uploads\/2018\/05\/man-standing-at-balcony-PBFGRDZ-300x246.jpg 300w,https:\/\/transportes-dz.cl\/wp-content\/uploads\/2018\/05\/man-standing-at-balcony-PBFGRDZ-240x197.jpg 240w\" data-src=\"https:\/\/transportes-dz.cl\/wp-content\/uploads\/2018\/05\/man-standing-at-balcony-PBFGRDZ-240x197.jpg\" \/><\/div>        <\/div>\n            <div class=\"aux-staff-content\">\n                        <h4 class=\"col-title\">Designer<\/h4>\n                        <h5 class=\"col-subtitle\">Charles Alexander<\/h5>\n                        <div class=\"entry-content\">\n                                A cryptocurrency crypto currency a digital asset designed to work as medium exchange.            <\/div>\n                    <\/div>\n\n    <\/div>\n\n\n<\/section><!-- widget-container -->\t\t\t\t<\/div>\n\t\t\t\t<\/div>\n\t\t\t\t<\/div>\n\t\t\t\t<\/div>\n\t\t<div class=\"elementor-element elementor-element-c6b960b e-con-full e-flex e-con e-child\" data-id=\"c6b960b\" data-element_type=\"container\" data-e-type=\"container\">\n\t\t<div class=\"elementor-element elementor-element-cab0bcc aux-appear-watch-animation aux-fade-in-up-1 e-con-full e-flex e-con e-child\" data-id=\"cab0bcc\" data-element_type=\"container\" data-e-type=\"container\">\n\t\t\t\t<div class=\"elementor-element elementor-element-a9e55f4 elementor-widget elementor-widget-aux_staff\" data-id=\"a9e55f4\" data-element_type=\"widget\" data-e-type=\"widget\" data-widget_type=\"aux_staff.default\">\n\t\t\t\t<div class=\"elementor-widget-container\">\n\t\t\t\t\t<section class=\"aux-wrap-style-simple widget-container aux-widget-staff aux-parent-au17c7b026\">    <div class=\"aux-staff-container aux-staff-pos-left aux-staff-text-left aux-staff-text-dark \" >\n            <div class=\"aux-staff-header aux-staff-img-round-rect\">\n            <div class=\"aux-media-image\"><img decoding=\"async\" width=\"240\" height=\"197\" src=\"image\/gif;base64,R0lGODlhAQABAIAAAAAAAP\/\/\/yH5BAEAAAAALAAAAAABAAEAAAIBRAA7\" class=\" aux-preload aux-blank\" alt=\"demo-attachment-18-sports-man-standing-outdoors-PDLFH3X\" data-ratio=\"1.22\" data-original-w=\"600\" data-srcset=\"https:\/\/transportes-dz.cl\/wp-content\/uploads\/2018\/05\/sports-man-standing-outdoors-PDLFH3X-150x123.jpg 150w,https:\/\/transportes-dz.cl\/wp-content\/uploads\/2018\/05\/sports-man-standing-outdoors-PDLFH3X-300x246.jpg 300w,https:\/\/transportes-dz.cl\/wp-content\/uploads\/2018\/05\/sports-man-standing-outdoors-PDLFH3X-240x197.jpg 240w\" data-src=\"https:\/\/transportes-dz.cl\/wp-content\/uploads\/2018\/05\/sports-man-standing-outdoors-PDLFH3X-240x197.jpg\" \/><\/div>        <\/div>\n            <div class=\"aux-staff-content\">\n                        <h4 class=\"col-title\">Marketer<\/h4>\n                        <h5 class=\"col-subtitle\">Brian Stone<\/h5>\n                        <div class=\"entry-content\">\n                                A cryptocurrency crypto currency a digital asset designed to work as medium exchange.            <\/div>\n                    <\/div>\n\n    <\/div>\n\n\n<\/section><!-- widget-container -->\t\t\t\t<\/div>\n\t\t\t\t<\/div>\n\t\t\t\t<\/div>\n\t\t<div class=\"elementor-element elementor-element-097a98d aux-appear-watch-animation aux-fade-in-up-1 e-con-full e-flex e-con e-child\" data-id=\"097a98d\" data-element_type=\"container\" data-e-type=\"container\">\n\t\t\t\t<div class=\"elementor-element elementor-element-68c07f9 elementor-widget elementor-widget-aux_staff\" data-id=\"68c07f9\" data-element_type=\"widget\" data-e-type=\"widget\" data-widget_type=\"aux_staff.default\">\n\t\t\t\t<div class=\"elementor-widget-container\">\n\t\t\t\t\t<section class=\"aux-wrap-style-simple widget-container aux-widget-staff aux-parent-au71020a3d\">    <div class=\"aux-staff-container aux-staff-pos-left aux-staff-text-left aux-staff-text-dark \" >\n            <div class=\"aux-staff-header aux-staff-img-round-rect\">\n            <div class=\"aux-media-image\"><img loading=\"lazy\" decoding=\"async\" width=\"240\" height=\"197\" src=\"image\/gif;base64,R0lGODlhAQABAIAAAAAAAP\/\/\/yH5BAEAAAAALAAAAAABAAEAAAIBRAA7\" class=\" aux-preload aux-blank\" alt=\"demo-attachment-19-modern-man-standing-outdoors-alone-PHCKVDN\" data-ratio=\"1.22\" data-original-w=\"600\" data-srcset=\"https:\/\/transportes-dz.cl\/wp-content\/uploads\/2018\/05\/modern-man-standing-outdoors-alone-PHCKVDN-150x123.jpg 150w,https:\/\/transportes-dz.cl\/wp-content\/uploads\/2018\/05\/modern-man-standing-outdoors-alone-PHCKVDN-300x246.jpg 300w,https:\/\/transportes-dz.cl\/wp-content\/uploads\/2018\/05\/modern-man-standing-outdoors-alone-PHCKVDN-240x197.jpg 240w\" data-src=\"https:\/\/transportes-dz.cl\/wp-content\/uploads\/2018\/05\/modern-man-standing-outdoors-alone-PHCKVDN-240x197.jpg\" \/><\/div>        <\/div>\n            <div class=\"aux-staff-content\">\n                        <h4 class=\"col-title\">Developer<\/h4>\n                        <h5 class=\"col-subtitle\">Billy Munozh<\/h5>\n                        <div class=\"entry-content\">\n                                A cryptocurrency crypto currency a digital asset designed to work as medium exchange.            <\/div>\n                    <\/div>\n\n    <\/div>\n\n\n<\/section><!-- widget-container -->\t\t\t\t<\/div>\n\t\t\t\t<\/div>\n\t\t\t\t<\/div>\n\t\t\t\t<\/div>\n\t\t\t\t<\/div>\n\t\t\t\t\t<\/div>\n\t\t\t\t<\/div>\n\t\t<div class=\"aux-parallax-section elementor-element elementor-element-3f31592 e-flex e-con-boxed e-con e-parent\" data-id=\"3f31592\" data-element_type=\"container\" data-e-type=\"container\">\n\t\t\t\t\t<div class=\"e-con-inner\">\n\t\t\t\t<div class=\"elementor-element elementor-element-9805cc5 elementor-widget elementor-widget-spacer\" data-id=\"9805cc5\" data-element_type=\"widget\" data-e-type=\"widget\" data-widget_type=\"spacer.default\">\n\t\t\t\t<div class=\"elementor-widget-container\">\n\t\t\t\t\t\t\t<div class=\"elementor-spacer\">\n\t\t\t<div class=\"elementor-spacer-inner\"><\/div>\n\t\t<\/div>\n\t\t\t\t\t\t<\/div>\n\t\t\t\t<\/div>\n\t\t\t\t\t<\/div>\n\t\t\t\t<\/div>\n\t\t\t\t<\/div>\n\t\t","protected":false},"excerpt":{"rendered":"<p>Conoce Quienes Somos Llevamos tu Carga Al siguiente Nivel En nuestra empresa nos especializamos en ofrecer soluciones integrales de transporte de carga a lo largo de todo Chile. Con m\u00e1s de 20 a\u00f1os de experiencia en el rubro log\u00edstico, hemos construido una trayectoria s\u00f3lida basada en la eficiencia, la seguridad y el compromiso con cada [&hellip;]<\/p>\n","protected":false},"author":1,"featured_media":0,"parent":0,"menu_order":0,"comment_status":"closed","ping_status":"closed","template":"templates\/page-builder-content.php","meta":{"_joinchat":[],"footnotes":""},"class_list":["post-74","page","type-page","status-publish","hentry"],"_links":{"self":[{"href":"https:\/\/transportes-dz.cl\/index.php\/wp-json\/wp\/v2\/pages\/74","targetHints":{"allow":["GET"]}}],"collection":[{"href":"https:\/\/transportes-dz.cl\/index.php\/wp-json\/wp\/v2\/pages"}],"about":[{"href":"https:\/\/transportes-dz.cl\/index.php\/wp-json\/wp\/v2\/types\/page"}],"author":[{"embeddable":true,"href":"https:\/\/transportes-dz.cl\/index.php\/wp-json\/wp\/v2\/users\/1"}],"replies":[{"embeddable":true,"href":"https:\/\/transportes-dz.cl\/index.php\/wp-json\/wp\/v2\/comments?post=74"}],"version-history":[{"count":13,"href":"https:\/\/transportes-dz.cl\/index.php\/wp-json\/wp\/v2\/pages\/74\/revisions"}],"predecessor-version":[{"id":207,"href":"https:\/\/transportes-dz.cl\/index.php\/wp-json\/wp\/v2\/pages\/74\/revisions\/207"}],"wp:attachment":[{"href":"https:\/\/transportes-dz.cl\/index.php\/wp-json\/wp\/v2\/media?parent=74"}],"curies":[{"name":"wp","href":"https:\/\/api.w.org\/{rel}","templated":true}]}}